{"id":163,"date":"2019-11-05T09:40:36","date_gmt":"2019-11-05T09:40:36","guid":{"rendered":"http:\/\/reparierdeinauto.de\/?page_id=163"},"modified":"2020-02-27T20:48:33","modified_gmt":"2020-02-27T20:48:33","slug":"our-services-02","status":"publish","type":"page","link":"http:\/\/reparierdeinauto.de\/?page_id=163","title":{"rendered":"KFZ Service"},"content":{"rendered":"\t\t<div data-elementor-type=\"wp-page\" data-elementor-id=\"163\" class=\"elementor elementor-163\">\n\t\t\t\t\t\t<div class=\"elementor-inner\">\n\t\t\t\t<div class=\"elementor-section-wrap\">\n\t\t\t\t\t\t\t\t\t<section class=\"elementor-section elementor-top-section elementor-element elementor-element-8a1bbb0 elementor-section-boxed elementor-section-height-default elementor-section-height-default\" data-id=\"8a1bbb0\" data-element_type=\"section\">\n\t\t\t\t\t\t<div class=\"elementor-container elementor-column-gap-no\">\n\t\t\t\t\t\t\t<div class=\"elementor-row\">\n\t\t\t\t\t<div class=\"elementor-column elementor-col-100 elementor-top-column elementor-element elementor-element-fc265df\" data-id=\"fc265df\" data-element_type=\"column\">\n\t\t\t<div class=\"elementor-column-wrap elementor-element-populated\">\n\t\t\t\t\t\t\t<div class=\"elementor-widget-wrap\">\n\t\t\t\t\t\t<section class=\"elementor-section elementor-inner-section elementor-element elementor-element-3d3dec9 elementor-section-content-middle elementor-section-boxed elementor-section-height-default elementor-section-height-default\" data-id=\"3d3dec9\" data-element_type=\"section\" data-settings=\"{&quot;background_background&quot;:&quot;classic&quot;}\">\n\t\t\t\t\t\t\t<div class=\"elementor-background-overlay\"><\/div>\n\t\t\t\t\t\t\t<div class=\"elementor-container elementor-column-gap-no\">\n\t\t\t\t\t\t\t<div class=\"elementor-row\">\n\t\t\t\t\t<div class=\"elementor-column elementor-col-50 elementor-inner-column elementor-element elementor-element-94154aa\" data-id=\"94154aa\" data-element_type=\"column\">\n\t\t\t<div class=\"elementor-column-wrap elementor-element-populated\">\n\t\t\t\t\t\t\t<div class=\"elementor-widget-wrap\">\n\t\t\t\t\t\t<div class=\"elementor-element elementor-element-75d7541 animated-fast elementor-invisible elementor-widget elementor-widget-heading\" data-id=\"75d7541\" data-element_type=\"widget\" data-settings=\"{&quot;_animation&quot;:&quot;opal-move-up&quot;}\" data-widget_type=\"heading.default\">\n\t\t\t\t<div class=\"elementor-widget-container\">\n\t\t\t<h2 class=\"elementor-heading-title elementor-size-xl\">Unsere Serviceleistungen im \u00dcberblick <\/h2>\t\t<\/div>\n\t\t\t\t<\/div>\n\t\t\t\t<div class=\"elementor-element elementor-element-a9e3246 animated-fast elementor-invisible elementor-widget elementor-widget-text-editor\" data-id=\"a9e3246\" data-element_type=\"widget\" data-settings=\"{&quot;_animation&quot;:&quot;opal-move-up&quot;}\" data-widget_type=\"text-editor.default\">\n\t\t\t\t<div class=\"elementor-widget-container\">\n\t\t\t\t\t\t\t\t<div class=\"elementor-text-editor elementor-clearfix\">\n\t\t\t\t<p>Nicht nur um kosteng\u00fcnstig Auto oder Kleintransporter auf Vordermann zu bringen, sondern auch aus Leidenschaft f\u00fcr das eigene Auto und das Werkeln daran, mieten Autobegeisterte bei uns einen Arbeitsplatz. In unserer Regensburger Hobbywerkstatt kommen leidenschaftliche Selbstschrauber zusammen, die in entspannter Atmosph\u00e4re an ihren Fahrzeugen schrauben. Zudem bieten wir euch eine riesige Auswahl an professionellen Werkzeugen, Hebeb\u00fchnen und Materialien namhafter Hersteller \u2013 all das mietet ihr unkompliziert und zu fairen Preisen vor Ort.<\/p>\n<p>KFZ &#8211; SERVICELEISTUNGEN<\/p>\n<p>Reifenentsorgung<\/p>\n<p>Radwuchten<\/p>\n<p>Reifenwechsel<\/p>\n<p>Reifenlagerung (Saison)<\/p>\n<p>Reifenmontage<\/p>\n<p>Vermietung Werkzeuge (Au\ufb02istung siehe Preise)&nbsp;<\/p><p>Vermietung von Arbeitsb\u00fchnen (Au\ufb02istung siehe Preise)&nbsp;<\/p><p>Verkauf von Produkte (Au\ufb02istung siehe Preise)<\/p>\n<p>Jeder Arbeitsplatz ist ausgestattet mit einem Schraubstock, Luft und Strom.<\/p>\n<p>Weiteres auf Anfrage<\/p>\t\t\t\t\t<\/div>\n\t\t\t\t\t\t<\/div>\n\t\t\t\t<\/div>\n\t\t\t\t\t\t<\/div>\n\t\t\t\t\t<\/div>\n\t\t<\/div>\n\t\t\t\t<div class=\"elementor-column elementor-col-50 elementor-inner-column elementor-element elementor-element-4d099e5\" data-id=\"4d099e5\" data-element_type=\"column\">\n\t\t\t<div class=\"elementor-column-wrap elementor-element-populated\">\n\t\t\t\t\t\t\t<div class=\"elementor-widget-wrap\">\n\t\t\t\t\t\t<div class=\"elementor-element elementor-element-c0647a8 elementor-widget elementor-widget-image\" data-id=\"c0647a8\" data-element_type=\"widget\" data-widget_type=\"image.default\">\n\t\t\t\t<div class=\"elementor-widget-container\">\n\t\t\t\t\t\t\t\t<div class=\"elementor-image\">\n\t\t\t\t\t\t\t\t\t\t\t\t<img width=\"490\" height=\"574\" src=\"http:\/\/reparierdeinauto.de\/wp-content\/uploads\/2019\/11\/our-service01.jpg\" class=\"attachment-full size-full\" alt=\"\" loading=\"lazy\" srcset=\"http:\/\/reparierdeinauto.de\/wp-content\/uploads\/2019\/11\/our-service01.jpg 490w, http:\/\/reparierdeinauto.de\/wp-content\/uploads\/2019\/11\/our-service01-256x300.jpg 256w\" sizes=\"(max-width: 490px) 100vw, 490px\" \/>\t\t\t\t\t\t\t\t\t\t\t\t\t\t<\/div>\n\t\t\t\t\t\t<\/div>\n\t\t\t\t<\/div>\n\t\t\t\t\t\t<\/div>\n\t\t\t\t\t<\/div>\n\t\t<\/div>\n\t\t\t\t\t\t\t\t<\/div>\n\t\t\t\t\t<\/div>\n\t\t<\/section>\n\t\t\t\t\t\t<\/div>\n\t\t\t\t\t<\/div>\n\t\t<\/div>\n\t\t\t\t\t\t\t\t<\/div>\n\t\t\t\t\t<\/div>\n\t\t<\/section>\n\t\t\t\t\t\t\t\t\t<\/div>\n\t\t\t<\/div>\n\t\t\t\t\t<\/div>\n\t\t","protected":false},"excerpt":{"rendered":"<p>Unsere Serviceleistungen im \u00dcberblick Nicht nur um kosteng\u00fcnstig Auto oder Kleintransporter auf Vordermann zu bringen, sondern auch aus Leidenschaft f\u00fcr das eigene Auto und das Werkeln daran, mieten Autobegeisterte bei uns einen Arbeitsplatz. In unserer Regensburger Hobbywerkstatt kommen leidenschaftliche Selbstschrauber zusammen, die in entspannter Atmosph\u00e4re an ihren Fahrzeugen schrauben. Zudem bieten wir euch eine riesige<\/p>\n<div class=\"carutos-read-more-link\"><a class=\"more-link button-link\" href=\"http:\/\/reparierdeinauto.de\/?page_id=163\">Read More  &nbsp; <i class=\"fa fa-long-arrow-right\" aria-hidden=\"true\"><\/i><\/a><\/div>\n","protected":false},"author":2,"featured_media":0,"parent":0,"menu_order":0,"comment_status":"closed","ping_status":"closed","template":"page-templates\/page-elementor.php","meta":[],"_links":{"self":[{"href":"http:\/\/reparierdeinauto.de\/index.php?rest_route=\/wp\/v2\/pages\/163"}],"collection":[{"href":"http:\/\/reparierdeinauto.de\/index.php?rest_route=\/wp\/v2\/pages"}],"about":[{"href":"http:\/\/reparierdeinauto.de\/index.php?rest_route=\/wp\/v2\/types\/page"}],"author":[{"embeddable":true,"href":"http:\/\/reparierdeinauto.de\/index.php?rest_route=\/wp\/v2\/users\/2"}],"replies":[{"embeddable":true,"href":"http:\/\/reparierdeinauto.de\/index.php?rest_route=%2Fwp%2Fv2%2Fcomments&post=163"}],"version-history":[{"count":5,"href":"http:\/\/reparierdeinauto.de\/index.php?rest_route=\/wp\/v2\/pages\/163\/revisions"}],"predecessor-version":[{"id":479,"href":"http:\/\/reparierdeinauto.de\/index.php?rest_route=\/wp\/v2\/pages\/163\/revisions\/479"}],"wp:attachment":[{"href":"http:\/\/reparierdeinauto.de\/index.php?rest_route=%2Fwp%2Fv2%2Fmedia&parent=163"}],"curies":[{"name":"wp","href":"https:\/\/api.w.org\/{rel}","templated":true}]}}