{"id":149,"date":"2019-10-23T08:44:40","date_gmt":"2019-10-23T08:44:40","guid":{"rendered":"http:\/\/reparierdeinauto.de\/?page_id=149"},"modified":"2020-02-27T16:24:12","modified_gmt":"2020-02-27T16:24:12","slug":"about-us","status":"publish","type":"page","link":"http:\/\/reparierdeinauto.de\/?page_id=149","title":{"rendered":"\u00dcber Uns"},"content":{"rendered":"\t\t<div data-elementor-type=\"wp-page\" data-elementor-id=\"149\" class=\"elementor elementor-149\">\n\t\t\t\t\t\t<div class=\"elementor-inner\">\n\t\t\t\t<div class=\"elementor-section-wrap\">\n\t\t\t\t\t\t\t\t\t<section class=\"elementor-section elementor-top-section elementor-element elementor-element-1e8532f animated-fast elementor-section-boxed elementor-section-height-default elementor-section-height-default elementor-invisible\" data-id=\"1e8532f\" data-element_type=\"section\" data-settings=\"{&quot;animation&quot;:&quot;opal-move-up&quot;}\">\n\t\t\t\t\t\t<div class=\"elementor-container elementor-column-gap-no\">\n\t\t\t\t\t\t\t<div class=\"elementor-row\">\n\t\t\t\t\t<div class=\"elementor-column elementor-col-66 elementor-top-column elementor-element elementor-element-a130338\" data-id=\"a130338\" data-element_type=\"column\" data-settings=\"{&quot;background_background&quot;:&quot;classic&quot;}\">\n\t\t\t<div class=\"elementor-column-wrap elementor-element-populated\">\n\t\t\t\t\t\t\t<div class=\"elementor-widget-wrap\">\n\t\t\t\t\t\t<div class=\"elementor-element elementor-element-045236d animated-fast elementor-widget__width-auto elementor-invisible elementor-widget elementor-widget-heading\" data-id=\"045236d\" data-element_type=\"widget\" data-settings=\"{&quot;_animation&quot;:&quot;opal-move-up&quot;}\" data-widget_type=\"heading.default\">\n\t\t\t\t<div class=\"elementor-widget-container\">\n\t\t\t<div class=\"elementor-heading-title elementor-size-default\">\u00dcber Uns<\/div>\t\t<\/div>\n\t\t\t\t<\/div>\n\t\t\t\t<div class=\"elementor-element elementor-element-b3c8df4 animated-fast elementor-invisible elementor-widget elementor-widget-heading\" data-id=\"b3c8df4\" data-element_type=\"widget\" data-settings=\"{&quot;_animation&quot;:&quot;opal-move-up&quot;}\" data-widget_type=\"heading.default\">\n\t\t\t\t<div class=\"elementor-widget-container\">\n\t\t\t<h1 class=\"elementor-heading-title elementor-size-xl\">Ihre Perfekte Hobbywerkstatt in Regensburg<\/h1>\t\t<\/div>\n\t\t\t\t<\/div>\n\t\t\t\t<div class=\"elementor-element elementor-element-53fe0a3 animated-fast elementor-invisible elementor-widget elementor-widget-text-editor\" data-id=\"53fe0a3\" data-element_type=\"widget\" data-settings=\"{&quot;_animation&quot;:&quot;opal-move-up&quot;}\" data-widget_type=\"text-editor.default\">\n\t\t\t\t<div class=\"elementor-widget-container\">\n\t\t\t\t\t\t\t\t<div class=\"elementor-text-editor elementor-clearfix\">\n\t\t\t\t<p><span class=\"_5yl5\">Nicht nur um kosteng\u00fcnstig Auto oder Kleintransporter auf Vordermann zu bringen, sondern auch aus Leidenschaft f\u00fcr das eigene Auto und das Werkeln daran, mieten Autobegeisterte bei uns einen Arbeitsplatz. In unserer Regensburger Hobbywerkstatt kommen leidenschaftliche Selbstschrauber zusammen, die in entspannter Atmosph\u00e4re an ihren Fahrzeugen schrauben. Zudem bieten wir euch eine riesige Auswahl an professionellen Werkzeugen, Hebeb\u00fchnen und Materialien namhafter Hersteller \u2013 all das mietet ihr unkompliziert und zu fairen Preisen vor Ort. Eine gute Portion an Schrauber-Fachwissen kann definitiv nicht schaden, aber freundliches Personal, das dir bei Bedarf mit Rat und Tat zur Seite steht, darf nat\u00fcrlich in keiner Hobbywerkstatt fehlen. <\/span><\/p><p><span class=\"_5yl5\">\u00dcbrigens: Falls ben\u00f6tigt kannst du bei uns auch Hebeb\u00fchnen f\u00fcr Sportw\u00e4gen, Wohnmobile und etwas gr\u00f6\u00dfere Transporter mieten. Einige gute Gr\u00fcnde, warum Autofreunde aus ganz M\u00fcnchen unserer Hobbywerkstatt einen Besuch abstatten!<\/span><\/p>\t\t\t\t\t<\/div>\n\t\t\t\t\t\t<\/div>\n\t\t\t\t<\/div>\n\t\t\t\t<div class=\"elementor-element elementor-element-9b08501 animated-fast elementor-icon-list--layout-traditional elementor-list-item-link-full_width elementor-invisible elementor-widget elementor-widget-icon-list\" data-id=\"9b08501\" data-element_type=\"widget\" data-settings=\"{&quot;_animation&quot;:&quot;opal-move-up&quot;}\" data-widget_type=\"icon-list.default\">\n\t\t\t\t<div class=\"elementor-widget-container\">\n\t\t\t\t\t<ul class=\"elementor-icon-list-items\">\n\t\t\t\t\t\t\t<li class=\"elementor-icon-list-item\">\n\t\t\t\t\t\t\t\t\t\t\t<span class=\"elementor-icon-list-icon\">\n\t\t\t\t\t\t\t<i aria-hidden=\"true\" class=\"fas fa-check\"><\/i>\t\t\t\t\t\t<\/span>\n\t\t\t\t\t\t\t\t\t\t<span class=\"elementor-icon-list-text\">1A Beratung<\/span>\n\t\t\t\t\t\t\t\t\t<\/li>\n\t\t\t\t\t\t\t\t<li class=\"elementor-icon-list-item\">\n\t\t\t\t\t\t\t\t\t\t\t<span class=\"elementor-icon-list-icon\">\n\t\t\t\t\t\t\t<i aria-hidden=\"true\" class=\"fas fa-check\"><\/i>\t\t\t\t\t\t<\/span>\n\t\t\t\t\t\t\t\t\t\t<span class=\"elementor-icon-list-text\">KFZ Service<\/span>\n\t\t\t\t\t\t\t\t\t<\/li>\n\t\t\t\t\t\t\t\t<li class=\"elementor-icon-list-item\">\n\t\t\t\t\t\t\t\t\t\t\t<span class=\"elementor-icon-list-icon\">\n\t\t\t\t\t\t\t<i aria-hidden=\"true\" class=\"fas fa-check\"><\/i>\t\t\t\t\t\t<\/span>\n\t\t\t\t\t\t\t\t\t\t<span class=\"elementor-icon-list-text\">Reifenlagerung<\/span>\n\t\t\t\t\t\t\t\t\t<\/li>\n\t\t\t\t\t\t\t\t<li class=\"elementor-icon-list-item\">\n\t\t\t\t\t\t\t\t\t\t\t<span class=\"elementor-icon-list-icon\">\n\t\t\t\t\t\t\t<i aria-hidden=\"true\" class=\"fas fa-check\"><\/i>\t\t\t\t\t\t<\/span>\n\t\t\t\t\t\t\t\t\t\t<span class=\"elementor-icon-list-text\">Vermietung (Hebeb\u00fchnen & Werkzeug)<\/span>\n\t\t\t\t\t\t\t\t\t<\/li>\n\t\t\t\t\t\t<\/ul>\n\t\t\t\t<\/div>\n\t\t\t\t<\/div>\n\t\t\t\t\t\t<\/div>\n\t\t\t\t\t<\/div>\n\t\t<\/div>\n\t\t\t\t<div class=\"elementor-column elementor-col-33 elementor-top-column elementor-element elementor-element-c24d77e\" data-id=\"c24d77e\" data-element_type=\"column\">\n\t\t\t<div class=\"elementor-column-wrap elementor-element-populated\">\n\t\t\t\t\t\t\t<div class=\"elementor-widget-wrap\">\n\t\t\t\t\t\t<div class=\"elementor-element elementor-element-75e6b56 elementor-widget elementor-widget-image\" data-id=\"75e6b56\" data-element_type=\"widget\" data-widget_type=\"image.default\">\n\t\t\t\t<div class=\"elementor-widget-container\">\n\t\t\t\t\t\t\t\t<div class=\"elementor-image\">\n\t\t\t\t\t\t\t\t\t\t\t\t<img width=\"1743\" height=\"2560\" src=\"http:\/\/reparierdeinauto.de\/wp-content\/uploads\/2020\/02\/87503704_582416682310673_7750010860608684032_n-scaled.jpg\" class=\"attachment-full size-full\" alt=\"\" loading=\"lazy\" srcset=\"http:\/\/reparierdeinauto.de\/wp-content\/uploads\/2020\/02\/87503704_582416682310673_7750010860608684032_n-scaled.jpg 1743w, http:\/\/reparierdeinauto.de\/wp-content\/uploads\/2020\/02\/87503704_582416682310673_7750010860608684032_n-204x300.jpg 204w, http:\/\/reparierdeinauto.de\/wp-content\/uploads\/2020\/02\/87503704_582416682310673_7750010860608684032_n-697x1024.jpg 697w, http:\/\/reparierdeinauto.de\/wp-content\/uploads\/2020\/02\/87503704_582416682310673_7750010860608684032_n-768x1128.jpg 768w, http:\/\/reparierdeinauto.de\/wp-content\/uploads\/2020\/02\/87503704_582416682310673_7750010860608684032_n-1046x1536.jpg 1046w, http:\/\/reparierdeinauto.de\/wp-content\/uploads\/2020\/02\/87503704_582416682310673_7750010860608684032_n-1394x2048.jpg 1394w\" sizes=\"(max-width: 1743px) 100vw, 1743px\" \/>\t\t\t\t\t\t\t\t\t\t\t\t\t\t<\/div>\n\t\t\t\t\t\t<\/div>\n\t\t\t\t<\/div>\n\t\t\t\t\t\t<\/div>\n\t\t\t\t\t<\/div>\n\t\t<\/div>\n\t\t\t\t\t\t\t\t<\/div>\n\t\t\t\t\t<\/div>\n\t\t<\/section>\n\t\t\t\t\t\t\t\t\t<\/div>\n\t\t\t<\/div>\n\t\t\t\t\t<\/div>\n\t\t","protected":false},"excerpt":{"rendered":"<p>\u00dcber Uns Ihre Perfekte Hobbywerkstatt in Regensburg Nicht nur um kosteng\u00fcnstig Auto oder Kleintransporter auf Vordermann zu bringen, sondern auch aus Leidenschaft f\u00fcr das eigene Auto und das Werkeln daran, mieten Autobegeisterte bei uns einen Arbeitsplatz. In unserer Regensburger Hobbywerkstatt kommen leidenschaftliche Selbstschrauber zusammen, die in entspannter Atmosph\u00e4re an ihren Fahrzeugen schrauben. Zudem bieten wir<\/p>\n<div class=\"carutos-read-more-link\"><a class=\"more-link button-link\" href=\"http:\/\/reparierdeinauto.de\/?page_id=149\">Read More  &nbsp; <i class=\"fa fa-long-arrow-right\" aria-hidden=\"true\"><\/i><\/a><\/div>\n","protected":false},"author":2,"featured_media":0,"parent":0,"menu_order":0,"comment_status":"closed","ping_status":"closed","template":"page-templates\/page-elementor.php","meta":[],"_links":{"self":[{"href":"http:\/\/reparierdeinauto.de\/index.php?rest_route=\/wp\/v2\/pages\/149"}],"collection":[{"href":"http:\/\/reparierdeinauto.de\/index.php?rest_route=\/wp\/v2\/pages"}],"about":[{"href":"http:\/\/reparierdeinauto.de\/index.php?rest_route=\/wp\/v2\/types\/page"}],"author":[{"embeddable":true,"href":"http:\/\/reparierdeinauto.de\/index.php?rest_route=\/wp\/v2\/users\/2"}],"replies":[{"embeddable":true,"href":"http:\/\/reparierdeinauto.de\/index.php?rest_route=%2Fwp%2Fv2%2Fcomments&post=149"}],"version-history":[{"count":3,"href":"http:\/\/reparierdeinauto.de\/index.php?rest_route=\/wp\/v2\/pages\/149\/revisions"}],"predecessor-version":[{"id":459,"href":"http:\/\/reparierdeinauto.de\/index.php?rest_route=\/wp\/v2\/pages\/149\/revisions\/459"}],"wp:attachment":[{"href":"http:\/\/reparierdeinauto.de\/index.php?rest_route=%2Fwp%2Fv2%2Fmedia&parent=149"}],"curies":[{"name":"wp","href":"https:\/\/api.w.org\/{rel}","templated":true}]}}